{"id":4540,"date":"2023-10-31T17:11:26","date_gmt":"2023-10-31T20:11:26","guid":{"rendered":"https:\/\/smartmuscles.shop\/?post_type=product&#038;p=4540"},"modified":"2026-02-20T01:43:23","modified_gmt":"2026-02-20T04:43:23","slug":"platinum-whey-protein","status":"publish","type":"product","link":"https:\/\/smartmuscles.shop\/?product=platinum-whey-protein","title":{"rendered":"PLATINUM WHEY PROTEIN"},"content":{"rendered":"<p>Suplemento dietario en polvo diet\u00e9tico para preparar bebida a base de prote\u00ednas de suero.<\/p>\n<p><strong>2 LIBRAS | 30 SERV. | 25GR DE PROTE\u00cdNA X SERV.<\/strong><\/p>\n","protected":false},"excerpt":{"rendered":"<p>Suplemento dietario en polvo diet\u00e9tico para preparar bebida a base de prote\u00ednas de suero.<\/p>\n<p><strong>2 LIBRAS | 30 SERV. | 25GR DE PROTE\u00cdNA X SERV.<\/strong><\/p>\n","protected":false},"featured_media":4541,"comment_status":"open","ping_status":"closed","template":"","meta":{"_uag_custom_page_level_css":"","site-sidebar-layout":"default","site-content-layout":"","ast-site-content-layout":"default","site-content-style":"default","site-sidebar-style":"default","ast-global-header-display":"","ast-banner-title-visibility":"","ast-main-header-display":"","ast-hfb-above-header-display":"","ast-hfb-below-header-display":"","ast-hfb-mobile-header-display":"","site-post-title":"","ast-breadcrumbs-content":"","ast-featured-img":"","footer-sml-layout":"","ast-disable-related-posts":"","theme-transparent-header-meta":"default","adv-header-id-meta":"","stick-header-meta":"","header-above-stick-meta":"","header-main-stick-meta":"","header-below-stick-meta":"","astra-migrate-meta-layouts":"set","ast-page-background-enabled":"default","ast-page-background-meta":{"desktop":{"background-color":"var(--ast-global-color-4)","background-image":"","background-repeat":"repeat","background-position":"center center","background-size":"auto","background-attachment":"scroll","background-type":"","background-media":"","overlay-type":"","overlay-color":"","overlay-opacity":"","overlay-gradient":""},"tablet":{"background-color":"","background-image":"","background-repeat":"repeat","background-position":"center center","background-size":"auto","background-attachment":"scroll","background-type":"","background-media":"","overlay-type":"","overlay-color":"","overlay-opacity":"","overlay-gradient":""},"mobile":{"background-color":"","background-image":"","background-repeat":"repeat","background-position":"center center","background-size":"auto","background-attachment":"scroll","background-type":"","background-media":"","overlay-type":"","overlay-color":"","overlay-opacity":"","overlay-gradient":""}},"ast-content-background-meta":{"desktop":{"background-color":"var(--ast-global-color-5)","background-image":"","background-repeat":"repeat","background-position":"center center","background-size":"auto","background-attachment":"scroll","background-type":"","background-media":"","overlay-type":"","overlay-color":"","overlay-opacity":"","overlay-gradient":""},"tablet":{"background-color":"var(--ast-global-color-5)","background-image":"","background-repeat":"repeat","background-position":"center center","background-size":"auto","background-attachment":"scroll","background-type":"","background-media":"","overlay-type":"","overlay-color":"","overlay-opacity":"","overlay-gradient":""},"mobile":{"background-color":"var(--ast-global-color-5)","background-image":"","background-repeat":"repeat","background-position":"center center","background-size":"auto","background-attachment":"scroll","background-type":"","background-media":"","overlay-type":"","overlay-color":"","overlay-opacity":"","overlay-gradient":""}}},"product_cat":[32],"product_tag":[35],"uagb_featured_image_src":{"full":["https:\/\/smartmuscles.shop\/wp-content\/uploads\/2023\/10\/PD_p_whey_protein_01-min.jpg",1200,1600,false],"thumbnail":["https:\/\/smartmuscles.shop\/wp-content\/uploads\/2023\/10\/PD_p_whey_protein_01-min-150x150.jpg",150,150,true],"medium":["https:\/\/smartmuscles.shop\/wp-content\/uploads\/2023\/10\/PD_p_whey_protein_01-min-225x300.jpg",225,300,true],"medium_large":["https:\/\/smartmuscles.shop\/wp-content\/uploads\/2023\/10\/PD_p_whey_protein_01-min-768x1024.jpg",768,1024,true],"large":["https:\/\/smartmuscles.shop\/wp-content\/uploads\/2023\/10\/PD_p_whey_protein_01-min-768x1024.jpg",768,1024,true],"1536x1536":["https:\/\/smartmuscles.shop\/wp-content\/uploads\/2023\/10\/PD_p_whey_protein_01-min-1152x1536.jpg",1152,1536,true],"2048x2048":["https:\/\/smartmuscles.shop\/wp-content\/uploads\/2023\/10\/PD_p_whey_protein_01-min.jpg",1200,1600,false],"mailpoet_newsletter_max":["https:\/\/smartmuscles.shop\/wp-content\/uploads\/2023\/10\/PD_p_whey_protein_01-min.jpg",1200,1600,false],"woocommerce_thumbnail":["https:\/\/smartmuscles.shop\/wp-content\/uploads\/2023\/10\/PD_p_whey_protein_01-min-300x300.jpg",300,300,true],"woocommerce_single":["https:\/\/smartmuscles.shop\/wp-content\/uploads\/2023\/10\/PD_p_whey_protein_01-min-600x800.jpg",600,800,true],"woocommerce_gallery_thumbnail":["https:\/\/smartmuscles.shop\/wp-content\/uploads\/2023\/10\/PD_p_whey_protein_01-min-100x100.jpg",100,100,true]},"uagb_author_info":{"display_name":"smartmuscles.shop","author_link":"https:\/\/smartmuscles.shop\/?author=0"},"uagb_comment_info":4,"uagb_excerpt":"Suplemento dietario en polvo diet\u00e9tico para preparar bebida a base de prote\u00ednas de suero. 2 LIBRAS | 30 SERV. | 25GR DE PROTE\u00cdNA X SERV.","_links":{"self":[{"href":"https:\/\/smartmuscles.shop\/index.php?rest_route=\/wp\/v2\/product\/4540"}],"collection":[{"href":"https:\/\/smartmuscles.shop\/index.php?rest_route=\/wp\/v2\/product"}],"about":[{"href":"https:\/\/smartmuscles.shop\/index.php?rest_route=\/wp\/v2\/types\/product"}],"replies":[{"embeddable":true,"href":"https:\/\/smartmuscles.shop\/index.php?rest_route=%2Fwp%2Fv2%2Fcomments&post=4540"}],"wp:featuredmedia":[{"embeddable":true,"href":"https:\/\/smartmuscles.shop\/index.php?rest_route=\/wp\/v2\/media\/4541"}],"wp:attachment":[{"href":"https:\/\/smartmuscles.shop\/index.php?rest_route=%2Fwp%2Fv2%2Fmedia&parent=4540"}],"wp:term":[{"taxonomy":"product_cat","embeddable":true,"href":"https:\/\/smartmuscles.shop\/index.php?rest_route=%2Fwp%2Fv2%2Fproduct_cat&post=4540"},{"taxonomy":"product_tag","embeddable":true,"href":"https:\/\/smartmuscles.shop\/index.php?rest_route=%2Fwp%2Fv2%2Fproduct_tag&post=4540"}],"curies":[{"name":"wp","href":"https:\/\/api.w.org\/{rel}","templated":true}]}}